{"id":15,"date":"2019-11-11T08:33:29","date_gmt":"2019-11-11T08:33:29","guid":{"rendered":"http:\/\/iwa.foi.hr\/watss\/?page_id=15"},"modified":"2020-12-09T10:18:26","modified_gmt":"2020-12-09T09:18:26","slug":"onama","status":"publish","type":"page","link":"https:\/\/watss.foi.hr\/watss\/onama\/","title":{"rendered":"O Laboratoriju"},"content":{"rendered":"\n<p style=\"text-align:left\" class=\"has-regular-font-size\"><strong>Laboratorij ima za op\u0107i cilj spojiti istra\u017eivanja, razvoj industrijskih projekata i edukaciju u podru\u010dju Web arhitektura, tehnologija, servisa i su\u010delja. <\/strong><\/p>\n\n\n\n<p style=\"text-align:center\" class=\"has-regular-font-size\"><strong> Pojedina\u010dni ciljevi su sljede\u0107i<\/strong><\/p>\n\n\n\n<ul><li>podr\u017eati\n\ti modernizirati nastavni plan i program postoje\u0107ih kolegija koje\n\tizvode \u010dlanovi Laboratorija (Web dizajn i programiranje, Napredne\n\tweb tehnologije i servisi, Uzorci dizajna, Sustavi za elektroni\u010dko\n\tu\u010denje, Izgradnja web aplikacija, Multimedijski sustavi) \n\t\n\t<\/li><li>predlo\u017eiti\n\tnove kolegije na preddiplomskoj, diplomskoj i\/ili poslijediplomskoj\n\trazini koji \u0107e dopuniti postoje\u0107i nastavni plan i program na\n\tFakultetu organizacije i informatike\n\t<\/li><li>predlo\u017eiti\n\tnove module na preddiplomskoj i\/ili diplomskoj razini u podru\u010dju\n\tweb i mobilnih tehnologija u suradnji s drugim laboratorijima na\n\tFakultetu organizacije i informatike\n\t<\/li><li>sudjelovati\n\tu prijavi projekata u razli\u010ditim shemama financiranja za\n\tprikupljanje sredstava za istra\u017eiva\u010dke\n\tprojekte, projekte dokaza koncepta posebnih web tehnologija i web\n\trazvojnih projekata\n\t<\/li><li>istra\u017eivati\n\tu podru\u010dju postoje\u0107ih web protokola (npr. WebSocket) i novih web\n\tprotokola (npr. HTTP\/2) i njihove primjene u razli\u010ditim web\n\tsustavima\n\t<\/li><li>istra\u017eivati\n\tu podru\u010dju postoje\u0107ih web programskih jezika (npr. JavaScript,\n\tJava, PHP, Python, Ruby i dr.) i dolaze\u0107ih web programskih jezika\n\t(npr. Elm, Kotlin i dr.) i njihove primjene u razli\u010ditih web\n\tsustavima\n\t<\/li><li>istra\u017eivati\n\tu podru\u010dju web programskih okvira za poslu\u017eiteljski dio web\n\tsustava s obzirom na razli\u010dite web programske jezike i njihove\n\tprimjene u razli\u010ditih web sustavima\n\t<\/li><li>istra\u017eivati\n\tu podru\u010dju dinami\u010dkih 2D grafi\u010dkih prikaza u korisni\u010dkom su\u010delju\n\ti njihove primjene u razli\u010ditih web sustavima\n\t<\/li><li>istra\u017eivati\n\tu podru\u010dju web programskih okvira za korisni\u010dko su\u010delje (npr.\n\tAngular, Bootstrap i dr.) i njihove primjene u razli\u010ditih web\n\tsustavima\n\t<\/li><li>istra\u017eivati\n\tu podru\u010dju postoje\u0107ih web programskih okvira za korisni\u010dko\n\tsu\u010delje (npr. Angular, Bootstrap i dr.) i njihove primjene u\n\trazli\u010ditih web sustavima \n\t\n\t<\/li><li>istra\u017eivati\n\tu podru\u010dju automatskog generiranja web sustava na temelju\n\tspecifikacija\n\t<\/li><li>istra\u017eivati\n\tu podru\u010dju interoperabilnosti web i ostalih programskih sustava\n\t<\/li><li>istra\u017eivati\n\tu podru\u010dju interoperabilnosti web i ostalih programskih\n\tsustavaistra\u017eivati\n\t<\/li><li>istra\u017eivati\n\tu podru\u010dju web arhitektura \n\t\n\t<\/li><li>istra\u017eivati\n\tu podru\u010dju web sustava\n\t<\/li><li>istra\u017eivati\n\tu podru\u010dju Interneta stvari\n\t<\/li><li>istra\u017eivati\n\tu podru\u010dju primjene web sustava u obrazovanju\n\t<\/li><li>istra\u017eivati\n\ti promicati dizajn orijentiran korisniku pri razvoju web sustava  \n\t\n\t<\/li><li>istra\u017eivati\n\ti unaprijediti razinu kori\u0161tenja web in\u017eenjeringa i drugih\n\trelevantnih (me\u0111unarodnih) standarda, preporuka i metoda za\n\tpobolj\u0161anje kvalitete web sustava\n\t<\/li><li>promicati\n\tkori\u0161tenje alata i sustava otvorenog koda za razvoj web sustava \n\t\n\t<\/li><li>podi\u0107i\n\tsvijest o va\u017enosti upotrebljivosti, pristupa\u010dnosti i dobrog\n\tkorisni\u010dkog iskustva u web sustavima, web aplikacijama i\n\tkorisni\u010dkim su\u010deljima op\u0107enito\n\t<\/li><li>konzultirati\n\tnaru\u010ditelje (i partnere\n\tu industriji) o web tehnologijama, procesu razvoja web sustava,\n\tnjihovoj primjeni upotrebljivosti i pristupa\u010dnosti i sl.\n\t<\/li><li>razviti\n\tza naru\u010ditelje (i partnere\n\tu industriji) cjelovite web sustave i\/ili projekte dokaza koncepta\n\tza posebne  web tehnologije\n\t<\/li><li>istra\u017eiti\n\ti primijeniti testiranje korisni\u010dkog su\u010delja web sustava pomo\u0107u\n\tautomatiziranih sustava (npr. Selenium, JMeter i dr.)\n\t<\/li><li>istra\u017eiti\n\ti primijeniti testiranje programskog koda web sustava pomo\u0107u\n\tjedini\u010dnih testova (npr. JUnit, TestNG, PHPUnit, XUnit i dr.) \n\t\n\t<\/li><li>istra\u017eiti\n\ti primijeniti testiranje optere\u0107enja web sustava pomo\u0107u\n\tautomatiziranih sustava (npr. JMeter, WebStressTool i dr.)\n\t<\/li><li>istra\u017eiti\n\ti primijeniti testiranje sigurnosti web sustava pomo\u0107u\n\tautomatiziranih sustava otvorenog koda i web aplikacija (npr. \n\tScanMyServer, SUCURI, Quttera i dr.)\n\t<\/li><li>istra\u017eiti\n\tprimjenu smjernica za kvalitetan razvoja web sustava (npr. principi\n\t\u010distog koda)\n\t<\/li><li>istra\u017eiti\n\tprimjenu trendova u web dizajnu (npr. flat dizajn, minimalizam,\n\tanimacije, interaktivnost, paralaksa i dr.)\n\t<\/li><li>istra\u017eiti\n\tkarakteristike i komponente razli\u010ditih jezika dizajna koji se\n\tkoriste u oblikovanju web i drugih korisni\u010dkih su\u010delja\n\t<\/li><li>istra\u017eiti\n\tprimjenu programskih paradigmi (objekto orijentirano programiranje,\n\tfunkcionalno programiranje itd.) za razvoj web sustava\n\t<\/li><li>istra\u017eiti\n\tprimjene razli\u010ditih na\u010dina razvoja softvera (npr. razvoj vo\u0111en\n\ttestiranjem, razvoj vo\u0111en pona\u0161anjem, i sl.)  u razvoju web\n\taplikacija\n\t<\/li><li>istra\u017eiti\n\trazvoj web aplikacija prilago\u0111enih za razli\u010dite ure\u0111aje poput\n\tmobitela, tableta i  televizora\n\t<\/li><li>istra\u017eiti\n\tstavove, razmi\u0161ljanja i sl. profesionalnih programera iz podru\u010dja\n\trazvoja web sustava\n\t<\/li><li>istra\u017eiti\n\tstrukture podataka i pohrane podataka (kao \u0161to su baze podataka) u\n\tweb sustavima \n\t\n\t<\/li><li>istra\u017eiti\n\tprikladnost razli\u010ditih struktura podataka za komunikaciju putem\n\tweba (npr. XML, JSON, REST, \u2026) \n\t\n\t<\/li><li>istra\u017eiti\n\teti\u010dka pitanja i probleme u razvoju web sustava (licence,\n\tplagijati, i sl.)\n\t<\/li><li>istra\u017eiti\n\tprobleme u razvoju weba i web sustava nastalih zbog promjena\n\tregulative (npr. net neutrality) i ostalih  sli\u010dnih doga\u0111aja \n\t\n\t<\/li><li>istra\u017eiti\n\tprikladnost razli\u010ditih metoda razvoja (npr. agilni pristup razvoju)\n\tu web okru\u017eenjima posebice u kontekstu Internet stvari.ostoje\u0107ih\n\tweb programskih okvira za korisni\u010dko su\u010delje (npr. Angular,\n\tBootstrap i dr.) i njihove primjene u razli\u010ditih web sustavima\n<\/li><\/ul>\n\n\n\n<p> <\/p>\n\n\n\n<p style=\"text-align:center\" class=\"has-regular-font-size\"><strong> Plan rada<\/strong><\/p>\n\n\n\n<ul><li>godi\u0161nje\n\tobjaviti i prezentrati barem dva stru\u010dna rada iz podru\u010dja rada\n\tLaboratorija na doma\u0107im stru\u010dnim konferencijama i savjetovanjima\n\t<\/li><li>godi\u0161nje\n\tobjaviti i prezentrati barem dva znanstvena rada iz podru\u010dja rada\n\tLaboratorija na me\u0111unarodnim znanstvenim konferencijama\n\t<\/li><li>godi\u0161nje\n\tobjaviti barem dva znanstvena rada iz podru\u010dja rada Laboratorija u\n\tme\u0111unarodnim znanstvenim \u010dasopisima\n\t<\/li><li>godi\u0161nje\n\torganizirati barem jednu radionicu (ljetnu \u0161kolu) iz podru\u010dja rada\n\tLaboratorija za studente FOI\n\t<\/li><li>podr\u017eati\n\ti modernizirati nastavni plan i program postoje\u0107ih kolegija koje\n\tizvode \u010dlanovi Laboratorija (Web dizajn i programiranje, Napredne\n\tweb tehnologije i servisi, Uzorci dizajna, Sustavi za elektroni\u010dko\n\tu\u010denje, Izgradnja web aplikacija, Multimedijski sustavi) \n\t\n\t<\/li><li>predlo\u017eiti\n\tnajmanje jedan novi kolegij na preddiplomskoj, diplomskoj i\/ili\n\tposlijediplomskoj razini koji \u0107e dopuniti postoje\u0107i nastavni plan\n\ti program na Fakultetu organizacije i informatike\n\t<\/li><li>predlo\u017eiti\n\tnovi modul na preddiplomskoj i\/ili diplomskoj razini u podru\u010dju web\n\ti mobilnih tehnologija u suradnji s drugim laboratorijima na\n\tFakultetu organizacije i informatike\n\t<\/li><li>godi\u0161nje\n\tsudjelovati u barem jednoj prijavi projekta u razli\u010ditim shemama\n\tfinanciranja za prikupljanje sredstava za istra\u017eiva\u010dke projekte,\n\tprojekte dokaza koncepta posebnih web tehnologija i web razvojnih\n\tprojekata.\n<\/li><\/ul>\n","protected":false},"excerpt":{"rendered":"<p>Laboratorij ima za op\u0107i cilj spojiti istra\u017eivanja, razvoj industrijskih projekata i edukaciju u podru\u010dju Web arhitektura, tehnologija, servisa i su\u010delja. Pojedina\u010dni ciljevi su sljede\u0107i podr\u017eati i modernizirati nastavni plan i program postoje\u0107ih kolegija koje izvode \u010dlanovi Laboratorija (Web dizajn i programiranje, Napredne web tehnologije i servisi, Uzorci dizajna, Sustavi za elektroni\u010dko u\u010denje, Izgradnja web aplikacija,&hellip;<\/p>\n<div><a class=\"excerpt-more button\" href=\"https:\/\/watss.foi.hr\/watss\/onama\/\">Read more <span class=\"screen-reader-text\">O Laboratoriju <\/span><span class=\"meta-nav\" aria-hidden=\"true\"> &rarr;<\/span><\/a><\/div>\n","protected":false},"author":1,"featured_media":0,"parent":0,"menu_order":0,"comment_status":"closed","ping_status":"closed","template":"","meta":[],"_links":{"self":[{"href":"https:\/\/watss.foi.hr\/watss\/wp-json\/wp\/v2\/pages\/15"}],"collection":[{"href":"https:\/\/watss.foi.hr\/watss\/wp-json\/wp\/v2\/pages"}],"about":[{"href":"https:\/\/watss.foi.hr\/watss\/wp-json\/wp\/v2\/types\/page"}],"author":[{"embeddable":true,"href":"https:\/\/watss.foi.hr\/watss\/wp-json\/wp\/v2\/users\/1"}],"replies":[{"embeddable":true,"href":"https:\/\/watss.foi.hr\/watss\/wp-json\/wp\/v2\/comments?post=15"}],"version-history":[{"count":12,"href":"https:\/\/watss.foi.hr\/watss\/wp-json\/wp\/v2\/pages\/15\/revisions"}],"predecessor-version":[{"id":140,"href":"https:\/\/watss.foi.hr\/watss\/wp-json\/wp\/v2\/pages\/15\/revisions\/140"}],"wp:attachment":[{"href":"https:\/\/watss.foi.hr\/watss\/wp-json\/wp\/v2\/media?parent=15"}],"curies":[{"name":"wp","href":"https:\/\/api.w.org\/{rel}","templated":true}]}}