{"id":163,"date":"2020-12-09T10:53:24","date_gmt":"2020-12-09T09:53:24","guid":{"rendered":"http:\/\/watss.foi.hr\/?page_id=163"},"modified":"2023-01-25T17:19:20","modified_gmt":"2023-01-25T16:19:20","slug":"publications","status":"publish","type":"page","link":"https:\/\/watss.foi.hr\/watss\/en\/publications\/","title":{"rendered":"Publications"},"content":{"rendered":"\n<p>2023<\/p>\n\n\n\n<ul><li>To be continued &#8230;<\/li><\/ul>\n\n\n\n<p>2022<\/p>\n\n\n\n<ul><li>Novak, Matija; Levak, Iva Using graph databases in source code plagiarism detection \/\/ Proceedings of Central European Conference on Information and Intelligent Systems \/ Vr\u010dek, Neven ; Gu\u00e0rdia, Lourdes ; Grd, Petra (ur.). Vara\u017edin: Faculty of Ogranization and Informatics, 2022. str. 465-470 <\/li><li>Fulir, Tomislav; Novak, Matija Metode autetikacije u web aplikacijama \/\/ CASE 2022 &#8211; Razvoj poslovnih i informati\u010dkih sustava \/ Polonijo, Mislav (ur.). Zagreb: CASE d.o.o, 2022. str. 41-45 <\/li><li>Bencek, Valentino; Novak, Matija Razvoj aplikacija otvorenog koda \/\/ CASE 2022 &#8211; Razvoj poslovnih i informati\u010dkih sustava \/ Polonijo, Mislav (ur.). Zagreb: CASE d.o.o, 2022. str. 35-40<\/li><\/ul>\n\n\n\n<p>2021<\/p>\n\n\n\n<ul><li>Novak, Matija; Joy, Mike S.; Mirza, Olfat M. Improved plagiarism detection with collaboration network visualization based on source-code similarity \/\/ 2021 IEEE Technology &amp; Engineering Management Conference Proceedings &#8211; Europe (TEMSCON-EUR) \/ Daim, Tugrul (ur.). virtualno\/online: IEEE &#8211; Institute of Electrical and Electronics Engineers, 2021. str. 18-23 doi:10.1109\/TEMSCON-EUR52034.2021.9488644<\/li><li>Novak, Matija; Kermek, Dragutin; Kani\u0161ki, Matija Ranjivost i sigurnost web servisa na bazi GraphQL \/\/ CASE 2021 &#8211; Razvoj poslovnih i informati\u010dkih sustava \/ Polonijo, Mislav (ur.). Zagreb: CASE d.o.o., 2021. str. 29-41<\/li><li>Kermek, Dragutin; Rabuzin, Kornelije; Novak, Matija NEO4J &#8211; Grafovska baza podataka: od ideje, kreiranja, punjenja do web servisa \/\/ CASE 2021 &#8211; Razvoj poslovnih i informati\u010dkih sustava \/ Polonijo, Mislav (ur.). Zagreb: CASE d.o.o., 2021. str. 14-27<\/li><li>Novak, Matija; Shonola, Adekunle Shaibu Creating a secure, private and accessible web of information \/\/ TEMSCON-EUR Proceedings \/ Daim, Tugrul (ur.). virtualno\/online: IEEE &#8211; Institute of Electrical and Electronics Engineers, 2021. str. 152-156 doi:10.1109\/TEMSCON-EUR52034.2021.9488589 <\/li><\/ul>\n\n\n\n<p>2020<\/p>\n\n\n\n<ul><li>Novak, Matija Utjecaj tehnika za predobradu izvornog koda na to\u010dnost otkrivanja plagijata u studentskim zadacima iz programiranja, 2020., doktorska disertacija, Fakultet Organizacije i Informatike, Vara\u017edin<br>Balaban, Igor; Kermek, Dragutin; Novak, Matija Rad razli\u010ditih istra\u017eiva\u010dkih skupina iz podru\u010dja e- u\u010denja zna\u010dajno doprinosi inovativnim rje\u0161enjima \/\/ srce novosti, 79 (2020), 15-16 <\/li><li>Kermek, Dragutin; Novak, Matija Quo Vadis \u2026 Java \/\/ CASE2020 &#8211; Razvoj poslovnih i informati\u010dkih sustava \/ Plonijo, Ante (ur.). Zagreb: CASE d.o.o., 2020. str. 213-220 <\/li><li>Bari\u010devi\u0107, Darjan; \u010culo, Bo\u017eo; Novak, Matija Razvoj vo\u0111en testiranjem u programskom jeziku PHP \/\/ CASE2020 &#8211; Razvoj poslovnih i informati\u010dkih sustava \/ Plonijo, Ante (ur.). Zagreb: CASE d.o.o., 2020. str. 5-12<\/li><\/ul>\n\n\n\n<p>2019<\/p>\n\n\n\n<ul><li>Novak, Matija; Kermek, Dragutin; Magdaleni\u0107, Ivan Proposed architecture for ETL workflow generator \/\/ Proceedings of Central European Conference on Information and Intelligent Systems \/ Strahonja, Vjeran ; Hertweck, Dieter ; Kirini\u0107, Valentina (ur.). Vara\u017edin: Faculty of Organization and Informatics, University of Zagreb, 2019. str. 297-304<\/li><li>Novak, Matija; Kani\u0161ki, Matija; Kermek, Dragutin Igrifikacija predmeta kori\u0161tenjem dodatka LevelUp \/\/ MoodleMoot 2019<\/li><li>Novak, Matija; Joy, Mike; Kermek, Dragutin Source-code Similarity Detection and Detection Tools Used in Academia: A Systematic Review \/\/ ACM Transactions on Computing Education, 19 (2019), 3; 27, 37 doi:10.1145\/3313290 <\/li><\/ul>\n\n\n\n<p>2018<\/p>\n\n\n\n<ul><li>Andro\u010dec, Darko; Novak, Matija; Ore\u0161ki, Dijana Using Semantic Web for Internet of Things Interoperability: A Systematic Review \/\/ International journal on semantic web and information systems, 14 (2018), 4; 147-171 doi:10.4018\/ijswis.2018100108 Kermek, Dragutin;<\/li><li>Novak, Matija; Kani\u0161ki, Matija Two Years of Gamification of the Course &#8211; Lessons Learned \/\/ MIPRO 2018 &#8211; 41st International Convention \/ Karolj, Skala (ur.). Rijeka: Croatian Society for Information and Communication Technology, Electronics and Microelectronics &#8211; MIPRO, 2018. str. 754-759 doi:10.23919\/MIPRO.2018.8400140<\/li><li>Novak, Matija; Kermek, Dragutin; Joy, Mike Calibration of Source-Code Similarity Detection Tools for Objective Comparisons \/\/ MIPRO 2018 &#8211; 41st International Convention \/ Karolj, Skala (ur.). Rijeka: Croatian Society for Information and Communication Technology, Electronics and Microelectronics &#8211; MIPRO, 2018. str. 794-799 doi:10.23919\/MIPRO.2018.8400147<\/li><li>Novak, Matija; Kermek, Dragutin Profesionalni programer znanja, stavovi i zablude \/\/ CASE 30 \/ Polonijo, Mislav (ur.). Rijeka: CASE d.o.o., 2018. str. 12-18<\/li><li>Sobodi\u0107, Aleksandra; Balaban, Igor; Kermek, Dragutin Usability Metrics for Gamified E-learning Course: A Multilevel Approach \/\/ International Journal of Emerging Technologies in Learning (iJET), 13 (2018), 05; 41-55 doi:10.3991\/ijet.v13i05.8425<\/li><\/ul>\n\n\n\n<p>2017<\/p>\n\n\n\n<ul><li>Rado\u0161evi\u0107, Danijel; Magdaleni\u0107, Ivan; Andro\u010dec, Darko; Bernik, Andrija; Kani\u0161ki, Matija A machine translation model inspired by code generation \/\/ Proceedings of 28th Central European Conference on Information and Intelligent Systems (CECIIS 2017) \/ Strahonja, Vjeran ; Kirini\u0107, Valentina (ur.). Vara\u017edin: Fakultet organizacije i informatike, 2017. str. 187-192<\/li><\/ul>\n\n\n\n<p>2016<\/p>\n\n\n\n<ul><li> Novak, M., Magdaleni\u0107, I., Rado\u0161evi\u0107, D. Common metamodel of component diagram and feature diagram in generative programming, Journal of Computer Science, 12(10), pp. 517-526, 2016.<\/li><li> Kermek, D., Strme\u010dki, D., Novak, M., Kaniski, M. Preparation of a hybrid e-learning course for gamification, 39th International Convention on Information and Communication Technology, Electronics and Microelectronics, MIPRO 2016 \u2013 Proceedings, pp. 829-834, 2016.<\/li><li> Strme\u010dki, D.; Magdaleni\u0107, I.; Kermek, D. An overview on the use of ontologies in software engineering, Journal of Computer Science, 2016, 12(12):597-610<\/li><li> Novak, Matija. Review of source-code plagiarism detection in academia, Conference: 39th International Convention on Information and Communication Technology, Electronics and Microelectronics (MIPRO), Pages: 796-801   2016<\/li><li> Novak, Matija; Ore\u0161ki, Dijana. Fuzzy Knowledge-Based System for Calculating Course Difficulty Based On Student Perception, COMPUTER APPLICATIONS IN ENGINEERING EDUCATION   Volume: 24   Issue: 2   Pages: 225-233   2016<\/li><li> Novak, Matija; \u0160vogor, Ivan. Current Usage Of Component Based Principles For Developing Web Applications With Frameworks: A Literature Review, INTERDISCIPLINARY DESCRIPTION OF COMPLEX SYSTEMS   Volume: 14   Issue: 2   Pages: 253-276   2016<\/li><li> Gamulin, Jasna; Gamulin, Ozren; Kermek, Dragutin. Using Fourier coefficients in time series analysis for student performance prediction in blended learning environments, EXPERT SYSTEMS   Volume: 33   Issue: 2   Pages: 189-200, 2016.<\/li><li> Kermek, Dragutin; Novak, Matija. Process Model Improvement for Source Code Plagiarism Detection in Student Programming Assignments, Informatics in Education, v15 n1, p103-126, 2016.<\/li><li>\u0160estak, Martina; Rabuzin, Kornelije; Novak, Matija Integrity constraints in graph databases &#8211; implementation challenges \/\/ Proceedings of Central European Conference on Information and Intelligent Systems \/ Hunjak, Tihomir ; Kirini\u0107, Valentina ; Konecki, Mario (ur.). Varazdin: Faculty of Organization and Informatics, University of Zagreb, 2016. str. 23-30<\/li><li>Kermek, Dragutin; Novak, Matija Gemifikacija predmeta za podu\u010davanje web programiranja u Moodle &#8211; u \/\/ MoodleMoot 2016 Zagreb, Hrvatska, 2016. <\/li><li>Kermek, Dragutin; Kani\u0161ki, Matija; Novak, Matija Pregled IoT protokola \/\/ CASE 28 \/ Mislav Polonijo (ur.). Rijeka: CASE d.o.o., 2016. str. 71-78<\/li><li>Toma\u0161kovi\u0107, Roman; Popovi\u0107, Elvis; Novak, Matija PHP7.0 &#8211; Pregled noviteta, testiranje i tranzicija \/\/ CASE 28 \/ Mislav Polonijo (ur.). Rijeka: CASE d.o.o., 2016. str. 27-36 <\/li><li>Balint, Tino; Jakovljevi\u0107, Dean; Novak, Matija Phaser razvoj igara \/\/ CASE 28 \/ Mislav Polonijo (ur.). Rijeka: CASE d.o.o., 2016. str. 21-26<\/li><\/ul>\n\n\n\n<p>2015<\/p>\n\n\n\n<ul><li> Gamulin, Jasna; Gamulin, Ozren; Kermek, Dragutin.  Data mining in hybrid learning: possibility to predict the final exam result, 36TH International Convention On Information And Communication Technology, Electronics And Microelectronics (MIPRO)   Pages: 591-596, 2015.<\/li><li> Novak, Matija; Kermek, Dragutin. Home automation using Raspberry Pi.Central European Conference on Information &amp; Intelligent Systems, p239-245, 2015.<\/li><li> Zlatovic, Miran; Balaban, Igor; Kermek, Dragutin. Using online assessments to stimulate learning strategies and achievement of learning goals, COMPUTERS &amp; EDUCATION   Volume: 91   Pages: 32-45, 2015.<\/li><li> Gligora Markovi\u0107, M., Plantak Vukovac, D., Kli\u010dek, B. A Study on Knowledge Gain and Retention when Using Multimedia Learning Materials of Different Quality. Journal of Information and Organizational Sciences, 39 (1). Faculty of Organization and Informatics, University of Zagreb, Vara\u017edin, Croatia, str. 33-44, 2015.<\/li><li>Novak Matija Source-code preprocess model for improved plagiarism detectionin student programming assignments \/\/ 10th International Doctoral Seminar \/ Neven Vr\u010dek (ur.). Vara\u017edin: Faculty of Organization and Informatics, University of Zagreb, 2015. str. 41-44<\/li><li>Novak Matija; Kermek Dragutin Internet stvari s RPi-om i Javom \/\/ JavaCro&#8217;15 &#8211; 4. me\u0111unarodna Java konferencija u Hrvatskoj Rovinj, Crveni otok, Hrvatska, 2015.<\/li><li>Kermek, Dragutin; Novak, Matija Automatizacija doma kori\u0161tenjem Raspberry Pi-a \/\/ CASE 27 &#8211; Razvoj poslovnih i informati\u010dkih sustava \/ Mislav Polonijo (ur.). Zagreb: Case d.o.o, Rijeka, 2015. str. 41-47 <\/li><\/ul>\n\n\n\n<p>2014<\/p>\n\n\n\n<ul><li>Juri\u0161i\u0107, Marko; Kermek, Dragutin. Application Framework Development and Design Patterns: Current State and Prospects. Central European Conference on Information &amp; Intelligent Systems, p306-311, 2014.<\/li><li> Novak, Matija; Rabuzin, Kornelije. Prototype of a Web ETL Tool. \/\/ International Journal of Advanced Computer Science and Applications. 5 (2014) , 6; 97-103<\/li><li>Rabuzin, Kornelije; Novak, Matija WebETL Tool \u2013 A Prototype in Action \/\/ ICCGI 2014 : The Ninth International Multi-Conference on Computing in the Global Information Technolog \/ Leist, Arno ; Pankowski, Tadeusz (ur.). Sevilja, 2014. str. 67-71<\/li><li> Mija\u010d, M.; Kermek, D.; Stapi\u0107, Z. Complex propagation of events: Design patterns comparison, Proceedings of the 23rd International Conference on Information Systems Development, ISD 2014, :306-316, 2014.<\/li><li> Gligora Markovi\u0107, M., Kli\u010dek, B., Plantak Vukovac, D. The Effects of Multimedia Learning Materials Quality on Knowledge Acquisition. U: Strahonja, V., Vr\u010dek, N., Plantak Vukovac, D., Barry, C., Lang, M.,Linger, H., Schneider, C. (ur.) Information Systems Development: Transforming Organisations and Society through Information Systems (Proceedings of the 23rd International Conference on Information Systems Development (ISD2014 Croatia)). Vara\u017edin: University of Zagreb, Faculty of Organization and Informatics, str. 140-149, 2014.<\/li><li>Jugo, Igor; Kermek, Dragutin; Mestrovic, Ana:  Analysis and Evaluation of Web Application Performance Enhancement Techniques, WEB ENGINEERING, ICWE 2014   Book Series: Lecture Notes in Computer Science   Volume: 8541   Pages: 40-56,2014<\/li><\/ul>\n\n\n\n<p>2013<\/p>\n\n\n\n<ul><li>Orehova\u010dki, T., Kermek, D., Grani\u0107, A. Examining the quality in use of web 2.0 applications: A three-dimensional framework, Communications in Computer and Information Science, 373(PART I), pp. 149-153, 2013.<\/li><li> Orehovacki, Tihomir; Granic, Andrina; Kermek, Dragutin: Evaluating the perceived and estimated quality in use of Web 2.0 applications, JOURNAL OF SYSTEMS AND SOFTWARE   Volume: 86   Issue: 12   Pages: 3039-3059,2013<\/li><\/ul>\n\n\n\n<p>2012<\/p>\n\n\n\n<ul><li> Orehova\u010dki, T., Grani\u0107, A., Kermek, D. Exploring the quality in use of Web 2.0 applications: The case of mind mapping services, Lecture Notes in Computer Science (including subseries Lecture Notes in Artificial Intelligence and Lecture Notes in Bioinformatics), 7059 LNCS, pp. 266-277, 2012.<\/li><li>Plantak Vukovac, D., Ore\u0161ki, D. Active and Collaborative Learning at the University Blended Learning Course. U: G\u00f3mez Chova, L., L\u00f3pez Mart\u00ednez, A., Candel Torres, I. (ur.)  ICERI 2012 Proceedings (5th International Conference of Education, Research and Innovation), Madrid, \u0160panjolska, 19.-21.11.2012., IATED, str. 2221\u20132230, 2012.<\/li><li>Andro\u010dec, D.; Kermek, D. Useful Patterns for BPEL Developers, Central European Conference on Information &amp; Intelligent Systems, pp. 468-72, 2012.<\/li><\/ul>\n\n\n\n<p>2011<\/p>\n\n\n\n<ul><li>Magdaleni\u0107, Ivan; Rado\u0161evi\u0107, Danijel; Kermek, Dragutin. Implementation Model of Source Code Generator.Journal of Communications Software &amp; Systems , Jun2011, Vol. 7 Issue 2, p71-79, 2011.<\/li><li> Orehovacki, Tihomir; Kermek, Dragutin; Granic, Andrina: Development of a Methodology for Evaluating the Quality in Use of Web 2.0 Applications, HUMAN-COMPUTER INTERACTION &#8211; INTERACT 2011, PT IV   Book Series: Lecture Notes in Computer Science   Volume: 6949   Pages: 382-385 ,2011<\/li><\/ul>\n\n\n\n<p>2010<\/p>\n\n\n\n<ul><li>Rabuzin, Kornelije; Novak, Matija Skladi\u0161ta podataka i ETL \/\/ Metode i alati za razvoj poslovnih i informati\u010dkih sustava &#8211; CASE 22 \/ Mislav Polonijo (ur.). Zagreb: CASE d.o.o., Rijeka, 2010. str. 85-89 <\/li><\/ul>\n\n\n\n<p>2009<\/p>\n\n\n\n<ul><li>Konecki, Mario; Orehova\u010dki, Tihomir; Kermek, Dragutin. Design Patterns &#8211; education and classification challenge, Central European Conference on Information &amp; Intelligent Systems , 9\/23\/2009, p375-381, 2009.<\/li><li>Kli\u010dek, B., Plantak Vukovac, D., Rado\u0161evi\u0107, D. Towards an Intelligent Model for Web Systems Development. U: Aurer, B. &amp; Ba\u010da, M. (ur.). Proceedings of the 20th Central European Conference on Information and Intelligent Systems (CECIIS 2009), September, 23-25, Varazdin, Hrvatska, str. 297-30, 2009.<\/li><li> Lang, M., Plantak Vukovac, D. Web-based Systems Development: Analysis and Comparison of Practices in Croatia and Ireland. U: Papadopoulos, G. A., Wojtkowski, W., Wojtkowski, W. G., Wrycza, S., Zupancic, J. (ur.). Information Systems Development: Towards a Service Provision Society. Springer-Verlag: New York, USA. ISBN 978-0-387-84809-9 (Print) 978-0-387-84810-5 (Online), DOI: 10.1007\/b137171_10, str. 91-100, 2009.<\/li><li> Plantak Vukovac, D., Klicek, B.. A Survey of the Web\/Hypermedia Development Process in Croatia. U: Barry, C., Conboy, K., Lang, M., Wojtkowski, W., Wojtkowski, G. (ur.). Information Systems Development: Challenges in Practice, Theory, and Education. Volume 1, Springer Science+Business Media, LCC: New York, USA. ISBN 978-0-387-30403-8 (Print) 978-0-387-68772-8 (Online), DOI: 10.1007\/978-0-387-68772-8_15, str. 183-194, 2009.<\/li><\/ul>\n\n\n\n<p>2007<\/p>\n\n\n\n<ul><li>Plantak Vukovac, D., Kli\u010dek, B. Web and Multimedia Systems Development \u2013 State of the Practice. U: Aurer, B. &amp; Ba\u010da, M. (ur.). Proceedings of the 18th International Conference on Information and Intelligent Systems, September, 12-14, Vara\u017edin, Hrvatska, str. 396-403, 2007.<\/li><\/ul>\n\n\n\n<p>2006<\/p>\n\n\n\n<ul><li>Kermek, Dragutin; Neven Vr\u010dek; Tomislav Jakupi\u0107.  A Model Of Heterogeneous Distributed System For Foreign Exchange Portfolio Analysis, Journal of Information and Organizational Sciences , Vol 30, Iss 1, 2006.<\/li><\/ul>\n\n\n\n<p>2005<\/p>\n\n\n\n<ul><li>Vr\u010dek, N., Hutinski, Z., Kermek, D. Security of web services, MIPRO 2005 &#8211; 28th International Convention Proceedings: Business Intelligence Systems, Digital Economy &#8211; 2nd e-business ALADIN, Information Systems Security, 2005.<\/li><\/ul>\n\n\n\n<p>2001<\/p>\n\n\n\n<ul><li> Vr\u010dek, N., Kermek, D.: The XML esperanto or Tower of Babel: Do we speak the same XML?, Proceedings of the International Conference on Information Technology Interfaces, ITI, 938020, pp. 209-214, 2001.<\/li><\/ul>\n\n\n\n<p>2000<\/p>\n\n\n\n<ul><li> Vr\u010dek, N., Kermek, D.: Integration of enterprise resources planning software using design patterns and distributed objects technology, Proceedings of the International Conference on Information Technology Interfaces, ITI, 915854, pp. 111-116, 2000.<\/li><\/ul>\n","protected":false},"excerpt":{"rendered":"<p>2023 To be continued &#8230; 2022 Novak, Matija; Levak, Iva Using graph databases in source code plagiarism detection \/\/ Proceedings of Central European Conference on Information and Intelligent Systems \/ Vr\u010dek, Neven ; Gu\u00e0rdia, Lourdes ; Grd, Petra (ur.). Vara\u017edin: Faculty of Ogranization and Informatics, 2022. str. 465-470 Fulir, Tomislav; Novak, Matija Metode autetikacije u&hellip;<\/p>\n<div><a class=\"excerpt-more button\" href=\"https:\/\/watss.foi.hr\/watss\/en\/publications\/\">Read more <span class=\"screen-reader-text\">Publications <\/span><span class=\"meta-nav\" aria-hidden=\"true\"> &rarr;<\/span><\/a><\/div>\n","protected":false},"author":1,"featured_media":0,"parent":0,"menu_order":0,"comment_status":"closed","ping_status":"closed","template":"","meta":[],"_links":{"self":[{"href":"https:\/\/watss.foi.hr\/watss\/wp-json\/wp\/v2\/pages\/163"}],"collection":[{"href":"https:\/\/watss.foi.hr\/watss\/wp-json\/wp\/v2\/pages"}],"about":[{"href":"https:\/\/watss.foi.hr\/watss\/wp-json\/wp\/v2\/types\/page"}],"author":[{"embeddable":true,"href":"https:\/\/watss.foi.hr\/watss\/wp-json\/wp\/v2\/users\/1"}],"replies":[{"embeddable":true,"href":"https:\/\/watss.foi.hr\/watss\/wp-json\/wp\/v2\/comments?post=163"}],"version-history":[{"count":2,"href":"https:\/\/watss.foi.hr\/watss\/wp-json\/wp\/v2\/pages\/163\/revisions"}],"predecessor-version":[{"id":183,"href":"https:\/\/watss.foi.hr\/watss\/wp-json\/wp\/v2\/pages\/163\/revisions\/183"}],"wp:attachment":[{"href":"https:\/\/watss.foi.hr\/watss\/wp-json\/wp\/v2\/media?parent=163"}],"curies":[{"name":"wp","href":"https:\/\/api.w.org\/{rel}","templated":true}]}}