{"id":77,"date":"2019-11-11T10:52:06","date_gmt":"2019-11-11T09:52:06","guid":{"rendered":"http:\/\/iwa.foi.hr\/watss\/?page_id=77"},"modified":"2020-12-09T10:34:16","modified_gmt":"2020-12-09T09:34:16","slug":"watss","status":"publish","type":"page","link":"https:\/\/watss.foi.hr\/watss\/","title":{"rendered":"Po\u010detna"},"content":{"rendered":"\n<h4 class=\"wp-block-heading\" style=\"text-align:center\"> <strong>Laboratorij za Web arhitekture, tehnologije, servise i su\u010delja (WATSS)<\/strong>&nbsp;bavi se teorijskim i prakti\u010dnim istra\u017eivanjima u podru\u010dju web arhitektura, tehnologija, servisa i su\u010delja (protokoli, programski jezici, programski okviri, programske paragidme i metodike razvoja, interoperabilnost, skalabilnost, pristupa\u010dnost i korisnost, standardi, realizacija e-u\u010denja, IoT, eti\u010dka pitanja)<\/h4>\n\n\n\n<h1 class=\"wp-block-heading\" style=\"text-align:center\">Poslovi i aktivnosti Laboratorija<\/h1>\n\n\n\n<ul><li>implementacija ideja u obliku prototipa (eng. proof of concept)<\/li><li>suradnja s organizacijama i sli\u010dnim ustrojbenim jedinicama u dr\u017eavi, a i \u0161ire<\/li><li>organizacija te\u010dajeva\/radionica\/seminara u podru\u010dju djelovanja laboratorija<\/li><li>rad na prijavama i realizaciji projekata<\/li><li>usavr\u0161avanje svih suradnika (sukladno mogu\u0107nostima)<\/li><li>pisanje i objavljivanje znanstvenih i stru\u010dnih publikacija<\/li><li>pisanje drugih vrsta materijala (knjiga, priru\u010dnika)<\/li><\/ul>\n","protected":false},"excerpt":{"rendered":"<p>Laboratorij za Web arhitekture, tehnologije, servise i su\u010delja (WATSS)&nbsp;bavi se teorijskim i prakti\u010dnim istra\u017eivanjima u podru\u010dju web arhitektura, tehnologija, servisa i su\u010delja (protokoli, programski jezici, programski okviri, programske paragidme i metodike razvoja, interoperabilnost, skalabilnost, pristupa\u010dnost i korisnost, standardi, realizacija e-u\u010denja, IoT, eti\u010dka pitanja) Poslovi i aktivnosti Laboratorija implementacija ideja u obliku prototipa (eng. proof of&hellip;<\/p>\n<div><a class=\"excerpt-more button\" href=\"https:\/\/watss.foi.hr\/watss\/\">Read more <span class=\"screen-reader-text\">Po\u010detna <\/span><span class=\"meta-nav\" aria-hidden=\"true\"> &rarr;<\/span><\/a><\/div>\n","protected":false},"author":1,"featured_media":0,"parent":0,"menu_order":0,"comment_status":"closed","ping_status":"closed","template":"","meta":[],"_links":{"self":[{"href":"https:\/\/watss.foi.hr\/watss\/wp-json\/wp\/v2\/pages\/77"}],"collection":[{"href":"https:\/\/watss.foi.hr\/watss\/wp-json\/wp\/v2\/pages"}],"about":[{"href":"https:\/\/watss.foi.hr\/watss\/wp-json\/wp\/v2\/types\/page"}],"author":[{"embeddable":true,"href":"https:\/\/watss.foi.hr\/watss\/wp-json\/wp\/v2\/users\/1"}],"replies":[{"embeddable":true,"href":"https:\/\/watss.foi.hr\/watss\/wp-json\/wp\/v2\/comments?post=77"}],"version-history":[{"count":6,"href":"https:\/\/watss.foi.hr\/watss\/wp-json\/wp\/v2\/pages\/77\/revisions"}],"predecessor-version":[{"id":154,"href":"https:\/\/watss.foi.hr\/watss\/wp-json\/wp\/v2\/pages\/77\/revisions\/154"}],"wp:attachment":[{"href":"https:\/\/watss.foi.hr\/watss\/wp-json\/wp\/v2\/media?parent=77"}],"curies":[{"name":"wp","href":"https:\/\/api.w.org\/{rel}","templated":true}]}}